{"id":506,"date":"2020-10-09T02:41:05","date_gmt":"2020-10-09T02:41:05","guid":{"rendered":"https:\/\/monitoruloficiallocal.ro\/web\/home\/"},"modified":"2023-02-11T19:51:32","modified_gmt":"2023-02-11T19:51:32","slug":"home","status":"publish","type":"page","link":"https:\/\/monitoruloficiallocal.ro\/web\/","title":{"rendered":"Home"},"content":{"rendered":"\t\t<div data-elementor-type=\"wp-page\" data-elementor-id=\"506\" class=\"elementor elementor-506\" data-elementor-settings=\"[]\">\n\t\t\t\t\t\t\t<div class=\"elementor-section-wrap\">\n\t\t\t\t\t\t\t<section class=\"elementor-section elementor-top-section elementor-element elementor-element-0da9fcd elementor-section-boxed elementor-section-height-default elementor-section-height-default\" data-id=\"0da9fcd\" data-element_type=\"section\">\n\t\t\t\t\t\t<div class=\"elementor-container elementor-column-gap-default\">\n\t\t\t\t\t<div class=\"elementor-column elementor-col-100 elementor-top-column elementor-element elementor-element-7d2e3f1\" data-id=\"7d2e3f1\" data-element_type=\"column\">\n\t\t\t<div class=\"elementor-widget-wrap elementor-element-populated\">\n\t\t\t\t\t\t\t\t<div class=\"elementor-element elementor-element-5d79087 elementor-align-justify elementor-widget elementor-widget-button\" data-id=\"5d79087\" data-element_type=\"widget\" data-widget_type=\"button.default\">\n\t\t\t\t<div class=\"elementor-widget-container\">\n\t\t\t\t\t<div class=\"elementor-button-wrapper\">\n\t\t\t<a href=\"https:\/\/demo.monitoruloficiallocal.ro\" class=\"elementor-button-link elementor-button elementor-size-sm\" role=\"button\">\n\t\t\t\t\t\t<span class=\"elementor-button-content-wrapper\">\n\t\t\t\t\t\t<span class=\"elementor-button-text\">aplicatia Demonstrativa<\/span>\n\t\t<\/span>\n\t\t\t\t\t<\/a>\n\t\t<\/div>\n\t\t\t\t<\/div>\n\t\t\t\t<\/div>\n\t\t\t\t<div class=\"elementor-element elementor-element-d39b3d4 elementor-widget elementor-widget-text-editor\" data-id=\"d39b3d4\" data-element_type=\"widget\" data-widget_type=\"text-editor.default\">\n\t\t\t\t<div class=\"elementor-widget-container\">\n\t\t\t\t\t\t\t<p>Bine a\u021bi venit! Acest program a fost creat special pentru a facilita accesul la informa\u021biile publice ale administratiei publice locale din Romania.<\/p><p>Cu acest program, pute\u021bi accesa cu u\u0219urin\u021b\u0103 informa\u021biile actualizate ale Monitorului Oficial Local, inclusiv legi, regulamente, hot\u0103r\u00e2ri ale consiliilor locale \u0219i alte documente importante. Acestea pot fi accesate prin intermediul unei interfe\u021be intuitiv de utilizat, ce permite navigarea rapid\u0103 \u0219i eficient\u0103 prin informa\u021biile publice.<\/p><p>Programul software pentru Monitorul Oficial Local ofer\u0103, de asemenea, posibilitatea de a salva documentele \u00eentr-un format electronic, astfel \u00eenc\u00e2t s\u0103 pute\u021bi accesa informa\u021biile importante oric\u00e2nd ave\u021bi nevoie. De asemenea, pute\u021bi c\u0103uta informa\u021bii specifice folosind cuvinte cheie sau criterii avansate de c\u0103utare.<\/p><p>Toate informa\u021biile sunt stocate \u00eentr-un mediu securizat, astfel \u00eenc\u00e2t s\u0103 pute\u021bi fi sigur c\u0103 informa\u021biile dvs. personale sunt \u00een siguran\u021b\u0103.<\/p><p>\u00cen concluzie, dac\u0103 sunte\u021bi \u00een c\u0103utarea unui mod mai eficient \u0219i mai accesibil de a accesa informa\u021biile publice ale administratiei publice locale din Romania, programul software pentru Monitorul Oficial Local este solu\u021bia perfect\u0103 pentru dvs. \u00cencerca\u021bi-l acum \u0219i bucura\u021bi-v\u0103 de accesul la informa\u021bii actualizate, relevante \u0219i sigure.<\/p>\t\t\t\t\t\t<\/div>\n\t\t\t\t<\/div>\n\t\t\t\t\t<\/div>\n\t\t<\/div>\n\t\t\t\t\t\t\t<\/div>\n\t\t<\/section>\n\t\t\t\t<section class=\"elementor-section elementor-top-section elementor-element elementor-element-87119fd elementor-section-boxed elementor-section-height-default elementor-section-height-default\" data-id=\"87119fd\" data-element_type=\"section\">\n\t\t\t\t\t\t<div class=\"elementor-container elementor-column-gap-default\">\n\t\t\t\t\t<div class=\"elementor-column elementor-col-100 elementor-top-column elementor-element elementor-element-913bea0\" data-id=\"913bea0\" data-element_type=\"column\">\n\t\t\t<div class=\"elementor-widget-wrap\">\n\t\t\t\t\t\t\t\t\t<\/div>\n\t\t<\/div>\n\t\t\t\t\t\t\t<\/div>\n\t\t<\/section>\n\t\t\t\t\t\t<\/div>\n\t\t\t\t\t<\/div>\n\t\t","protected":false},"excerpt":{"rendered":"<p>aplicatia Demonstrativa Bine a\u021bi venit! Acest program a fost creat special pentru a facilita accesul la informa\u021biile publice ale administratiei publice locale din Romania. Cu acest program, pute\u021bi accesa cu u\u0219urin\u021b\u0103 informa\u021biile actualizate ale Monitorului Oficial Local, inclusiv legi, regulamente, hot\u0103r\u00e2ri ale consiliilor locale \u0219i alte documente importante. Acestea pot fi accesate prin intermediul unei &hellip;<\/p>\n<p class=\"read-more\"> <a class=\"\" href=\"https:\/\/monitoruloficiallocal.ro\/web\/\"> <span class=\"screen-reader-text\">Home<\/span> Read More &raquo;<\/a><\/p>\n","protected":false},"author":1,"featured_media":0,"parent":0,"menu_order":0,"comment_status":"closed","ping_status":"closed","template":"","meta":{"site-sidebar-layout":"no-sidebar","site-content-layout":"page-builder","ast-main-header-display":"","ast-hfb-above-header-display":"","ast-hfb-below-header-display":"","ast-hfb-mobile-header-display":"","site-post-title":"disabled","ast-breadcrumbs-content":"","ast-featured-img":"disabled","footer-sml-layout":"","theme-transparent-header-meta":"enabled","adv-header-id-meta":"","stick-header-meta":"","header-above-stick-meta":"","header-main-stick-meta":"","header-below-stick-meta":"","footnotes":""},"class_list":["post-506","page","type-page","status-publish","hentry"],"_links":{"self":[{"href":"https:\/\/monitoruloficiallocal.ro\/web\/wp-json\/wp\/v2\/pages\/506","targetHints":{"allow":["GET"]}}],"collection":[{"href":"https:\/\/monitoruloficiallocal.ro\/web\/wp-json\/wp\/v2\/pages"}],"about":[{"href":"https:\/\/monitoruloficiallocal.ro\/web\/wp-json\/wp\/v2\/types\/page"}],"author":[{"embeddable":true,"href":"https:\/\/monitoruloficiallocal.ro\/web\/wp-json\/wp\/v2\/users\/1"}],"replies":[{"embeddable":true,"href":"https:\/\/monitoruloficiallocal.ro\/web\/wp-json\/wp\/v2\/comments?post=506"}],"version-history":[{"count":45,"href":"https:\/\/monitoruloficiallocal.ro\/web\/wp-json\/wp\/v2\/pages\/506\/revisions"}],"predecessor-version":[{"id":899,"href":"https:\/\/monitoruloficiallocal.ro\/web\/wp-json\/wp\/v2\/pages\/506\/revisions\/899"}],"wp:attachment":[{"href":"https:\/\/monitoruloficiallocal.ro\/web\/wp-json\/wp\/v2\/media?parent=506"}],"curies":[{"name":"wp","href":"https:\/\/api.w.org\/{rel}","templated":true}]}}