{"id":744,"date":"2023-01-23T09:55:53","date_gmt":"2023-01-23T09:55:53","guid":{"rendered":"https:\/\/monitoruloficiallocal.ro\/web\/?page_id=744"},"modified":"2023-01-30T15:12:44","modified_gmt":"2023-01-30T15:12:44","slug":"despre-noi","status":"publish","type":"page","link":"https:\/\/monitoruloficiallocal.ro\/web\/despre-noi\/","title":{"rendered":"Despre noi"},"content":{"rendered":"<p><em><strong><img loading=\"lazy\" decoding=\"async\" class=\"alignnone size-full wp-image-479\" src=\"https:\/\/monitoruloficiallocal.ro\/web\/wp-content\/uploads\/2020\/10\/favicon.svg\" alt=\"\" width=\"21\" height=\"20\" \/>\u00a0 Zus Software<\/strong><\/em> este totul despre excelen\u021b\u0103, pasiune \u0219i flexibilitate. Din 2011, oferim servicii \u0219i consultan\u021b\u0103 IT, servicii de dezvoltare software personalizat\u0103, testare \u0219i design de interfa\u021b\u0103 cu utilizatorul. Execut\u0103m proiectele la timp, \u00een limitele domeniului de aplicare \u0219i cu un cost mai mic dec\u00e2t alte firme din Rom\u00e2nia.<\/p>\n<p>Lucr\u0103m la diverse proiecte, de la simple sisteme de informare \u0219i site-uri web la arhitecturi complexe de tip \u00eentreprindere \u0219i aplica\u021bii desktop sau web.<\/p>\n<p>Activitatea noastr\u0103 include arhitecturi la scar\u0103 larg\u0103 cu micro servicii, aplica\u021bii mobile, solu\u021bii bazate pe volume mari de date, \u00een servicii precum, retail, divertisment, telecomunica\u021bii, guvern \u0219i tehnologie.<\/p>\n<p>Urm\u0103rim trei reguli principale pentru a ne atinge obiectivele: o facem la timp, o facem \u00een limitele de aplicare \u0219i s\u0103 oferim cel mai bun serviciu la un cost mai mic<\/p>\n<p style=\"padding-left: 40px;\">\n","protected":false},"excerpt":{"rendered":"<p>\u00a0 Zus Software este totul despre excelen\u021b\u0103, pasiune \u0219i flexibilitate. Din 2011, oferim servicii \u0219i consultan\u021b\u0103 IT, servicii de dezvoltare software personalizat\u0103, testare \u0219i design de interfa\u021b\u0103 cu utilizatorul. Execut\u0103m proiectele la timp, \u00een limitele domeniului de aplicare \u0219i cu un cost mai mic dec\u00e2t alte firme din Rom\u00e2nia. Lucr\u0103m la diverse proiecte, de la &hellip;<\/p>\n<p class=\"read-more\"> <a class=\"\" href=\"https:\/\/monitoruloficiallocal.ro\/web\/despre-noi\/\"> <span class=\"screen-reader-text\">Despre noi<\/span> Read More &raquo;<\/a><\/p>\n","protected":false},"author":1,"featured_media":0,"parent":0,"menu_order":0,"comment_status":"closed","ping_status":"closed","template":"","meta":{"site-sidebar-layout":"default","site-content-layout":"default","ast-main-header-display":"","ast-hfb-above-header-display":"","ast-hfb-below-header-display":"","ast-hfb-mobile-header-display":"","site-post-title":"","ast-breadcrumbs-content":"","ast-featured-img":"","footer-sml-layout":"","theme-transparent-header-meta":"default","adv-header-id-meta":"","stick-header-meta":"","header-above-stick-meta":"","header-main-stick-meta":"","header-below-stick-meta":"","footnotes":""},"class_list":["post-744","page","type-page","status-publish","hentry"],"_links":{"self":[{"href":"https:\/\/monitoruloficiallocal.ro\/web\/wp-json\/wp\/v2\/pages\/744","targetHints":{"allow":["GET"]}}],"collection":[{"href":"https:\/\/monitoruloficiallocal.ro\/web\/wp-json\/wp\/v2\/pages"}],"about":[{"href":"https:\/\/monitoruloficiallocal.ro\/web\/wp-json\/wp\/v2\/types\/page"}],"author":[{"embeddable":true,"href":"https:\/\/monitoruloficiallocal.ro\/web\/wp-json\/wp\/v2\/users\/1"}],"replies":[{"embeddable":true,"href":"https:\/\/monitoruloficiallocal.ro\/web\/wp-json\/wp\/v2\/comments?post=744"}],"version-history":[{"count":10,"href":"https:\/\/monitoruloficiallocal.ro\/web\/wp-json\/wp\/v2\/pages\/744\/revisions"}],"predecessor-version":[{"id":875,"href":"https:\/\/monitoruloficiallocal.ro\/web\/wp-json\/wp\/v2\/pages\/744\/revisions\/875"}],"wp:attachment":[{"href":"https:\/\/monitoruloficiallocal.ro\/web\/wp-json\/wp\/v2\/media?parent=744"}],"curies":[{"name":"wp","href":"https:\/\/api.w.org\/{rel}","templated":true}]}}