{"id":748,"date":"2023-01-23T09:56:47","date_gmt":"2023-01-23T09:56:47","guid":{"rendered":"https:\/\/monitoruloficiallocal.ro\/web\/?page_id=748"},"modified":"2023-01-27T14:54:49","modified_gmt":"2023-01-27T14:54:49","slug":"legislatia-in-vigoare","status":"publish","type":"page","link":"https:\/\/monitoruloficiallocal.ro\/web\/legislatia-in-vigoare\/","title":{"rendered":"Legislatia in vigoare"},"content":{"rendered":"\t\t<div data-elementor-type=\"wp-page\" data-elementor-id=\"748\" class=\"elementor elementor-748\" data-elementor-settings=\"[]\">\n\t\t\t\t\t\t\t<div class=\"elementor-section-wrap\">\n\t\t\t\t\t\t\t<section class=\"elementor-section elementor-top-section elementor-element elementor-element-1341d14d elementor-section-boxed elementor-section-height-default elementor-section-height-default\" data-id=\"1341d14d\" data-element_type=\"section\">\n\t\t\t\t\t\t<div class=\"elementor-container elementor-column-gap-default\">\n\t\t\t\t\t<div class=\"elementor-column elementor-col-100 elementor-top-column elementor-element elementor-element-4f46e668\" data-id=\"4f46e668\" data-element_type=\"column\">\n\t\t\t<div class=\"elementor-widget-wrap elementor-element-populated\">\n\t\t\t\t\t\t\t\t<div class=\"elementor-element elementor-element-7fd644fd elementor-widget elementor-widget-text-editor\" data-id=\"7fd644fd\" data-element_type=\"widget\" data-widget_type=\"text-editor.default\">\n\t\t\t\t<div class=\"elementor-widget-container\">\n\t\t\t\t\t\t\t<p style=\"text-align: center;\"><strong>GUVERNUL ROM\u00c2NIEI<\/strong><\/p><p style=\"text-align: center;\"><img loading=\"lazy\" decoding=\"async\" class=\"alignnone size-full wp-image-870\" src=\"https:\/\/monitoruloficiallocal.ro\/web\/wp-content\/uploads\/2023\/01\/Imagine1.jpg\" alt=\"\" width=\"97\" height=\"127\" \/><\/p><p style=\"text-align: center;\"><strong>Ordonan\u021ba<\/strong><\/p><p style=\"text-align: center;\"><strong>privind organizarea \u0219i publicarea monitoarelor oficiale ale unit\u0103\u021bilor\/subdiviziunilor<\/strong><\/p><p style=\"text-align: center;\"><strong>administrativ-teritoriale, \u00een format electronic<\/strong><\/p><p><strong>\u00a0<\/strong><\/p><p><em>\u00cen temeiul 108 din Constitu\u021bia Rom\u00e2niei, republicat\u0103, \u0219i al art. 1 pct. II nr. crt. 3 din Legea nr. 267\/2017 privind abilitarea Guvernului de a emite ordonan\u021be,<\/em><\/p><p><em>\u00a0<\/em><\/p><p><em>Guvernul Rom\u00e2niei adopt\u0103 prezenta ordonan\u021b\u0103.<\/em><\/p><p><em>\u00a0<\/em><\/p><p><strong>Art. 1. <\/strong>\u2013 (1) Prezenta ordonan\u021b\u0103 stabile\u0219te cadrul general pentru organizarea \u0219i publicarea monitoarelor oficiale ale unit\u0103\u021bilor\/subdiviziunilor administrativ-teritoriale, denumite \u00een continuare monitoare oficiale locale, \u00een format electronic.<\/p><p>(2) Prin organizarea \u0219i publicarea monitoarelor oficiale locale se realizeaz\u0103 sistematizarea \u0219i standardizarea unui mijloc public de garantare a accesului la informa\u021bii prin tehnologii informa\u021bionale, pe de o parte, dar \u0219i o cre\u0219tere a eficien\u021bei opera\u021bionale, prin reducerea cheltuielilor de natur\u0103 birocratic\u0103, pe de alt\u0103 parte.<\/p><p><strong>Art. 2. <\/strong>\u2013 (1) Monitorul oficial local se cuprinde \u00een structura paginii de internet a fiec\u0103rei unit\u0103\u021bi\/subdiviziuni administrativ-teritoriale, ca etichet\u0103 distinct\u0103, \u00een prima pagin\u0103 a meniului, \u00een prima linie, \u00een partea dreapt\u0103.<\/p><ul><li>La activarea etichetei \u201eMONITORUL OFICIAL LOCAL\u201d se deschid \u0219ase sub- etichete:<ol><li>STATUTUL UNIT\u0102\u021aII ADMINISTRATIV-TERITORIALE;<\/li><li>\u201eREGULAMENTELE PRIVIND PROCEDURILE ADMINISTRATIVE\u201d, unde se<\/li><\/ol><\/li><\/ul><p>public\u0103 at\u00e2t <em>Regulamentul cuprinz\u00e2nd m\u0103surile metodologice, organizatorice, termenele \u0219i circula\u021bia proiectelor de hot\u0103r\u00e2ri ale autorit\u0103\u021bii deliberative<\/em>, c\u00e2t \u0219i <em>Regulamentul cuprinz\u00e2nd m\u0103surile metodologice, organizatorice, termenele \u0219i circula\u021bia proiectelor de dispozi\u021bii ale autorit\u0103\u021bii executive<\/em>;<\/p><ol><li>\u201eHOT\u0102R\u00c2RILE AUTORIT\u0102\u021aII DELIBERATIVE\u201d, unde se public\u0103 actele administrative adoptate de consiliul local, de Consiliul General al Municipiului Bucure\u0219ti sau de consiliul jude\u021bean, dup\u0103 caz, at\u00e2t cele cu caracter normativ, c\u00e2t \u0219i cele cu caracter individual; aici se public\u0103 at\u00e2t <em>Registrul pentru eviden\u021ba proiectelor de hot\u0103r\u00e2ri ale autorit\u0103\u021bii deliberative, <\/em>c\u00e2t \u0219i <em>Registrul pentru eviden\u021ba hot\u0103r\u00e2rilor autorit\u0103\u021bii deliberative;<\/em><\/li><li>\u201eDISPOZI\u021aIILE AUTORIT\u0102\u021aII EXECUTIVE\u201d, unde se public\u0103 actele administrative emise de primar, de primarul general sau de pre\u0219edintele consiliului jude\u021bean, dup\u0103 caz, cu caracter normativ; aici se public\u0103 at\u00e2t <em>Registrul pentru eviden\u021ba proiectelor de dispozi\u021bii ale autorit\u0103\u021bii executive, <\/em>c\u00e2t \u0219i <em>Registrul pentru eviden\u021ba dispozi\u021biilor autorit\u0103\u021bii executive;<\/em><\/li><li>\u201eDOCUMENTE \u0218I INFORMA\u021aII FINANCIARE\u201d, prin care se asigur\u0103 \u00eendeplinirea obliga\u021biilor privind procedurile de publicare a bugetelor locale, potrivit legii;<\/li><\/ol><ol><li>\u201eALTE DOCUMENTE\u201d, unde se public\u0103 documentele prev\u0103zute la (3).<\/li><\/ol><ul><li>La sub-eticheta prev\u0103zut\u0103 la (2) lit. f), \u201eALTE DOCUMENTE\u201d, se asigur\u0103:<ol><li>publicarea <em>Registrului privind \u00eenregistrarea refuzurilor de a semna\/contrasemna\/aviza actele administrative, precum obiec\u021biile cu privire la legalitate, efectuate \u00een scris<\/em>;<\/li><li>publicarea <em>Registrului pentru consemnarea propunerilor, sugestiilor sau opiniilor cu privire la proiectele hot\u0103r\u00e2rilor autorit\u0103\u021bii deliberative \u0219i dispozi\u021biilor autorit\u0103\u021bii executive, numai \u00een cazul celor cu caracter normativ<\/em>;<\/li><li>informarea \u00een prealabil, din oficiu, asupra problemelor de interes public care urmeaz\u0103 s\u0103 fie dezb\u0103tute de autorit\u0103\u021bile administra\u021biei publice locale;<\/li><li>informarea \u00een prealabil, din oficiu, asupra proiectelor de acte administrative, cu caracter normativ;<\/li><li>publicarea minutelor \u00een care se consemneaz\u0103, \u00een rezumat, punctele de vedere exprimate de participan\u021bi la o \u0219edin\u021b\u0103 public\u0103;<\/li><li>publicarea proceselor-verbale ale \u0219edin\u021belor autorit\u0103\u021bii deliberative;<\/li><li>publicarea declara\u021biilor de c\u0103s\u0103torie;<\/li><li>publicarea oric\u0103ror altor documente nemen\u021bionate la lit. a) \u2013 g) \u0219i care, potrivit legii, sunt prev\u0103zute, la modul explicit, c\u0103 fac obiectul aducerii la cuno\u0219tin\u021b\u0103 public\u0103;<\/li><li>publicarea oric\u0103ror altor documente neprev\u0103zute la lit. a) \u2013 h) a c\u0103ror aducere la cuno\u0219tin\u021b\u0103 public\u0103 se apreciaz\u0103 de c\u0103tre autorit\u0103\u021bile administra\u021biei publice locale ca fiind oportun\u0103 \u0219i necesar\u0103.<\/li><\/ol><\/li><li>Pe pagina de internet a Ministerului Dezvolt\u0103rii Regionale, Administra\u021biei Publice \u0219i Fondurilor Europene se include o etichet\u0103 \u201eMonitorul Oficial Local\u201d \u00een care se vor introduce link-urile c\u0103tre fiecare etichet\u0103 a fiec\u0103rei pagini de internet \u201eMonitorul Oficial Local\u201d a fiec\u0103rei unit\u0103\u021bi\/subdiviziuni administrativ-teritoriale.<\/li><li>Pentru punerea \u00een aplicare a prevederilor alin. (3) ordonatorii principali de credite transmit Ministerului Dezvolt\u0103rii Regionale, Administra\u021biei Publice \u0219i Fondurilor Europene link-ul respectiv \u00een termen de 30 de zile de la intrarea \u00een vigoare a prezentei ordonan\u021be.<\/li><li>Orice modificare a link-ului transmis, conform alin. (4) se comunic\u0103, \u00een termen de 15 zile de la realizarea acesteia, Ministerului Dezvolt\u0103rii Regionale, Administra\u021biei Publice \u0219i Fondurilor Europene, care actualizeaz\u0103, \u00een termen de 10 zile de la primire, pe pagina de internet a ministerului link-ul transmis.<\/li><\/ul><p><strong>Art. 3. <\/strong>\u2013 (1) Actele administrative, precum \u0219i orice alte documente prev\u0103zute la art. 2 alin. (2) se redacteaz\u0103 \u0219i se public\u0103 cu respectarea tuturor cerin\u021belor impuse de prevederile Legii nr. 24\/2000 privind normele de tehnic\u0103 legislativ\u0103 pentru elaborarea actelor normative, republicat\u0103, cu modific\u0103rile \u0219i complet\u0103rile ulterioare.<\/p><ul><li>Toate datele din monitorul oficial local trebuie s\u0103 fie corecte din punctul de vedere al propriet\u0103\u021bii termenilor utiliza\u021bi, sub aspect gramatical, ortografic, ortoepic \u0219i, dup\u0103 caz, sub aspectul punctua\u021biei, conform normelor academice \u00een vigoare, potrivit prevederilor Legii nr. 500\/2004 privind folosirea limbii rom\u00e2ne \u00een locuri, rela\u021bii \u0219i institu\u021bii<\/li><li>Sistemul informatic care gestioneaz\u0103 monitorul oficial local respect\u0103 prevederile Legii nr. 183\/2006 privind utilizarea codific\u0103rii standardizate a setului de caractere \u00een documentele \u00een form\u0103 electronic\u0103.<\/li><li>\u00cen cazul unit\u0103\u021bilor administrativ-teritoriale \u00een care cet\u0103\u021benii apar\u021bin\u00e2nd unei minorit\u0103\u021bi na\u021bionale, au o pondere de peste 20% din num\u0103rul locuitorilor din unitatea administrativ-teritorial\u0103 respectiv\u0103, av\u00e2nd dreptul de a folosi limba matern\u0103 \u00een raporturile cu autorit\u0103\u021bile administra\u021biei publice locale, \u00een conformitate cu prevederile Legii administra\u021biei publice locale nr. 215\/2001, republicat\u0103, cu modific\u0103rile ulterioare, ale Conven\u021biei-cadru pentru protec\u021bia minorit\u0103\u021bilor na\u021bionale, ratificat\u0103 de Rom\u00e2nia prin Legea 33\/1995, ale altor conven\u021bii \u0219i tratate interna\u021bionale la care Rom\u00e2nia este<\/li><\/ul><p>parte, prevederile art. 2 se aplic\u0103 \u00een mod corespunz\u0103tor, \u00een sensul c\u0103 eticheta<\/p><p>\u201eMONITORUL OFICIAL LOCAL\u201d, cu tot ce incumb\u0103 structura detaliat\u0103 a acesteia, se asigur\u0103 at\u00e2t \u00een limba rom\u00e2n\u0103, c\u00e2t \u0219i \u00een limba minorit\u0103\u021bii na\u021bionale respective, cu toate particularit\u0103\u021bile specifice acesteia, identic egale at\u00e2t din punct de vedere juridic, c\u00e2t \u0219i din cel al dimensiunii caracterelor textelor.<\/p><p><strong>Art. 4. <\/strong>\u2013 (1) \u00cen structura func\u021bional\u0103 a fiec\u0103rei unit\u0103\u021bi\/subdiviziuni administrativ- teritoriale se instituie un compartiment pentru monitorizarea procedurilor administrative, iar persoana\/persoanele din acest compartiment de specialitate care are\/au ca atribu\u021bii organizarea monitorului oficial local, precum \u0219i asigurarea public\u0103rii oric\u0103ror documente, potrivit prevederilor prezentei ordonan\u021be, se stabile\u0219te\/stabilesc prin dispozi\u021bie a autorit\u0103\u021bii executive. Secretarul unit\u0103\u021bii\/subdiviziunii administrativ-teritoriale \u0219i persoanele desemnate de autoritatea executiv\u0103 au responsabilitatea respect\u0103rii prevederilor legale cu privire la organizarea \u0219i publicarea monitorului oficial local.<\/p><ul><li>Cheltuielile ocazionale de punerea \u00een aplicare a prezentei ordonan\u021be se asigur\u0103 din bugetele locale respective.<\/li><li>Identificarea persoanelor semnatare \u0219i\/sau cosemnatare, dup\u0103 caz, a actelor administrative, se asigur\u0103 prin \u00eenscrierea \u00eentocmai a identit\u0103\u021bii lor, \u00een formatul: prenumele \u0219i numele.<\/li><\/ul><p><strong>Art. 5. <\/strong>\u2013 (1) \u00cen cazul \u00een care prin intermediul paginii de internet a unit\u0103\u021bii\/subdiviziunii administrativ-teritoriale se asigur\u0103 publicitate pentru persoanele fizice sau juridice, dup\u0103 caz, prin hot\u0103r\u00e2re a autorit\u0103\u021bii deliberative, la propunerea autorit\u0103\u021bii executive, se stabilesc taxe speciale, \u00een condi\u021biile legisla\u021biei privind finan\u021bele publice locale, care se fac venituri la bugetul local respectiv.<\/p><p>(2) Nu se pot stabili taxe speciale pentru publicarea pe pagina de internet a declara\u021biei de c\u0103s\u0103torie ori pentru \u00eencheierea c\u0103s\u0103toriei, indiferent de locul unde aceasta are loc.<\/p><p><strong>Art. 6. <\/strong>\u2013 (1) Numerotarea actelor administrative, pe fiecare emitent \u00een parte, se face \u00een ordinea dat\u0103rii lor, separat pe fiecare an calendaristic, iar publicarea \u00een monitorul oficial local se asigur\u0103 strict \u00een ordine cresc\u0103toare a numerelor naturale, astfel \u00eenc\u00e2t la deschiderea dosarului electronic primul document din list\u0103, de jos \u00een sus, s\u0103 corespund\u0103 nr. 1, dup\u0103 cum primul document din list\u0103, de sus \u00een jos, s\u0103 corespund\u0103 ultimului act administrativ publicat, \u00een ordinea cronologic\u0103 a datelor.<\/p><p>(2) Publicarea oric\u0103rui act administrativ se face \u00een format \u201epdf\u201d editabil pentru a se p\u0103stra macheta \u0219i aspectul documentului intacte, astfel \u00eenc\u00e2t acesta s\u0103 arate exact a\u0219a cum a fost realizat \u0219i s\u0103 poat\u0103 fi tip\u0103rit corect de oricine \u0219i de oriunde, f\u0103r\u0103 s\u0103 cuprind\u0103 semn\u0103turile olografe ale persoanelor, asigur\u00e2ndu-se respectarea reglement\u0103rilor \u00een materia protec\u021biei datelor personale.<\/p><p><strong>Art. 7. <\/strong>\u2013 (1) Pentru punerea \u00een aplicare a prezentei ordonan\u021be, prin ordin comun al viceprim-ministrului, ministrului dezvolt\u0103rii regionale, administra\u021biei publice \u0219i fondurilor europene \u0219i al ministrului afacerilor interne se pot aproba norme \u0219i instruc\u021biuni.<\/p><ul><li>Orice act administrativ cu caracter normativ adoptat ori emis, dup\u0103 caz, intr\u0103 \u00een vigoare de la data public\u0103rii \u00een monitorul oficial local, dac\u0103 \u00een cuprinsul lui nu este prev\u0103zut\u0103 o dat\u0103 ulterioar\u0103. Atunci c\u00e2nd nu se impune ca intrarea \u00een vigoare s\u0103 se produc\u0103 la data public\u0103rii, \u00een cuprinsul actelor administrative trebuie s\u0103 se prevad\u0103 c\u0103 ele intr\u0103 \u00een vigoare la o dat\u0103 ulterioar\u0103 stabilit\u0103 prin textul actului administrativ.<\/li><li>Prin intrarea \u00een vigoare a unui act administrativ se \u00een\u021belege:<ol><li>data de la care hot\u0103r\u00e2rea autorit\u0103\u021bii deliberative devine obligatorie \u0219i produce efecte;<\/li><li>data de la care dispozi\u021bia autorit\u0103\u021bii executive devine<\/li><\/ol><\/li><\/ul><ul><li>Orice documente prev\u0103zute de prezenta ordonan\u021b\u0103, inclusiv registrele, se administreaz\u0103 obligatoriu \u0219i \u00een format electronic.<\/li><li>Sistemul de luare a deciziilor, sistemele informatice, precum \u0219i procedurile administrative conexe organiz\u0103rii \u0219i func\u021bion\u0103rii monitorului oficial local sunt supuse controlului intern, potrivit legii.<\/li><\/ul><p><strong>Art. 8. <\/strong>\u2013 (1) Prevederile prezentei ordonan\u021be intr\u0103 \u00een vigoare \u00eencep\u00e2nd cu data de 1 iulie 2018, cu excep\u021bia prevederilor art. 7 alin. (1) care intr\u0103 \u00een vigoare la 3 zile de la data public\u0103rii \u00een Monitorul Oficial al Rom\u00e2niei, Partea I.<\/p><p>(2) \u00cencep\u00e2nd cu data de 1 iulie 2018 se abrog\u0103 Ordonan\u021ba Guvernului nr. 75\/2003 privind organizarea \u0219i func\u021bionarea serviciilor publice de editare a monitoarelor oficiale ale unit\u0103\u021bilor administrativ-teritoriale, publicat\u0103 \u00een Monitorul Oficial al Rom\u00e2niei, Partea I, nr. 619 din 30 august 2003, aprobat\u0103 cu modific\u0103ri prin Legea nr. 534\/2003.<\/p>\t\t\t\t\t\t<\/div>\n\t\t\t\t<\/div>\n\t\t\t\t\t<\/div>\n\t\t<\/div>\n\t\t\t\t\t\t\t<\/div>\n\t\t<\/section>\n\t\t\t\t\t\t<\/div>\n\t\t\t\t\t<\/div>\n\t\t","protected":false},"excerpt":{"rendered":"<p>GUVERNUL ROM\u00c2NIEI Ordonan\u021ba privind organizarea \u0219i publicarea monitoarelor oficiale ale unit\u0103\u021bilor\/subdiviziunilor administrativ-teritoriale, \u00een format electronic \u00a0 \u00cen temeiul 108 din Constitu\u021bia Rom\u00e2niei, republicat\u0103, \u0219i al art. 1 pct. II nr. crt. 3 din Legea nr. 267\/2017 privind abilitarea Guvernului de a emite ordonan\u021be, \u00a0 Guvernul Rom\u00e2niei adopt\u0103 prezenta ordonan\u021b\u0103. \u00a0 Art. 1. \u2013 (1) Prezenta &hellip;<\/p>\n<p class=\"read-more\"> <a class=\"\" href=\"https:\/\/monitoruloficiallocal.ro\/web\/legislatia-in-vigoare\/\"> <span class=\"screen-reader-text\">Legislatia in vigoare<\/span> Read More &raquo;<\/a><\/p>\n","protected":false},"author":1,"featured_media":0,"parent":0,"menu_order":0,"comment_status":"closed","ping_status":"closed","template":"","meta":{"site-sidebar-layout":"no-sidebar","site-content-layout":"page-builder","ast-main-header-display":"","ast-hfb-above-header-display":"","ast-hfb-below-header-display":"","ast-hfb-mobile-header-display":"","site-post-title":"disabled","ast-breadcrumbs-content":"","ast-featured-img":"disabled","footer-sml-layout":"","theme-transparent-header-meta":"default","adv-header-id-meta":"","stick-header-meta":"","header-above-stick-meta":"","header-main-stick-meta":"","header-below-stick-meta":"","footnotes":""},"class_list":["post-748","page","type-page","status-publish","hentry"],"_links":{"self":[{"href":"https:\/\/monitoruloficiallocal.ro\/web\/wp-json\/wp\/v2\/pages\/748","targetHints":{"allow":["GET"]}}],"collection":[{"href":"https:\/\/monitoruloficiallocal.ro\/web\/wp-json\/wp\/v2\/pages"}],"about":[{"href":"https:\/\/monitoruloficiallocal.ro\/web\/wp-json\/wp\/v2\/types\/page"}],"author":[{"embeddable":true,"href":"https:\/\/monitoruloficiallocal.ro\/web\/wp-json\/wp\/v2\/users\/1"}],"replies":[{"embeddable":true,"href":"https:\/\/monitoruloficiallocal.ro\/web\/wp-json\/wp\/v2\/comments?post=748"}],"version-history":[{"count":4,"href":"https:\/\/monitoruloficiallocal.ro\/web\/wp-json\/wp\/v2\/pages\/748\/revisions"}],"predecessor-version":[{"id":873,"href":"https:\/\/monitoruloficiallocal.ro\/web\/wp-json\/wp\/v2\/pages\/748\/revisions\/873"}],"wp:attachment":[{"href":"https:\/\/monitoruloficiallocal.ro\/web\/wp-json\/wp\/v2\/media?parent=748"}],"curies":[{"name":"wp","href":"https:\/\/api.w.org\/{rel}","templated":true}]}}